{"id":3085,"date":"2022-07-29T12:18:01","date_gmt":"2022-07-29T16:18:01","guid":{"rendered":"https:\/\/u15.ca\/a-propos-de-nous\/nos-partenaires\/"},"modified":"2025-03-10T15:44:05","modified_gmt":"2025-03-10T19:44:05","slug":"nos-partenaires","status":"publish","type":"page","link":"https:\/\/u15.ca\/fr\/a-propos-de-nous\/nos-partenaires\/","title":{"rendered":"Nos partenaires"},"content":{"rendered":"\t\t<div data-elementor-type=\"wp-page\" data-elementor-id=\"3085\" class=\"elementor elementor-3085 elementor-767\" data-elementor-post-type=\"page\">\n\t\t\t\t<div data-particle_enable=\"false\" data-particle-mobile-disabled=\"false\" class=\"elementor-element elementor-element-6b00849 e-flex e-con-boxed e-con e-parent\" data-id=\"6b00849\" data-element_type=\"container\" data-e-type=\"container\" data-settings=\"{&quot;jet_parallax_layout_list&quot;:[]}\">\n\t\t\t\t\t<div class=\"e-con-inner\">\n\t\t\t\t<div class=\"elementor-element elementor-element-46fbb44 elementor-widget elementor-widget-text-editor\" data-id=\"46fbb44\" data-element_type=\"widget\" data-e-type=\"widget\" data-widget_type=\"text-editor.default\">\n\t\t\t\t<div class=\"elementor-widget-container\">\n\t\t\t\t\t\t\t\t\t<h2>Partenaires du\u00a0Global Research-Intensive Universities Network (GRIUN)\u00a0<\/h2><ul><li><a href=\"https:\/\/www.aau.edu\/\" target=\"_blank\" rel=\"noopener\">Association of American Universities<\/a><\/li><li><a href=\"https:\/\/www.german-u15.de\/en\/index.html\" target=\"_blank\" rel=\"noopener\">German U15<\/a><\/li><li><a href=\"https:\/\/go8.edu.au\/\" target=\"_blank\" rel=\"noopener\">Group of Eight Australia<\/a><\/li><li><a href=\"http:\/\/www.leru.org\/\" target=\"_blank\" rel=\"noopener\">League of European Research Universities<\/a><\/li><li><a href=\"http:\/\/www.ru11.jp\/\" target=\"_blank\" rel=\"noopener\">Research University 11<\/a><\/li><li><a href=\"http:\/\/www.russellgroup.ac.uk\/\" target=\"_blank\" rel=\"noopener\">Russell Group<\/a><\/li><\/ul><h2>Intervenants et partenaires nationaux<\/h2><ul><li><a href=\"http:\/\/www.univcan.ca\/fr\/\" target=\"_blank\" rel=\"noopener\">Universit\u00e9s Canada<\/a><\/li><li><a href=\"http:\/\/innovation.ca\/fr\" target=\"_blank\" rel=\"noopener\">Fondation canadienne pour l&rsquo;innovation<\/a><\/li><li><a href=\"http:\/\/www.cihr-irsc.gc.ca\/\" target=\"_blank\" rel=\"noopener\">Instituts de recherche en sant\u00e9 du Canada<\/a><\/li><li><a href=\"http:\/\/www.cou.on.ca\/\" target=\"_blank\" rel=\"noopener\">Conseil des universit\u00e9s de l&rsquo;Ontario<\/a><\/li><li><a href=\"http:\/\/www.nserc-crsng.gc.ca\/index_fra.asp\" target=\"_blank\" rel=\"noopener\">Conseil de recherches en sciences naturelles et en g\u00e9nie du Canada<\/a><\/li><li><a href=\"http:\/\/www.sshrc-crsh.gc.ca\/home-accueil-fra.aspx\" target=\"_blank\" rel=\"noopener\">Conseil de recherches en sciences humaines<\/a><\/li><\/ul>\t\t\t\t\t\t\t\t<\/div>\n\t\t\t\t<\/div>\n\t\t\t\t\t<\/div>\n\t\t\t\t<\/div>\n\t\t\t\t<\/div>\n\t\t","protected":false},"excerpt":{"rendered":"<p>Partenaires du\u00a0Global Research-Intensive Universities Network (GRIUN) Association of American Universities German U15 Group of Eight Australia League of European Research Universities Research University 11 Russell Group Intervenants et partenaires nationaux Universit\u00e9s Canada Fondation canadienne pour l&rsquo;innovation Instituts de recherche en sant\u00e9 du Canada Conseil des universit\u00e9s de l&rsquo;Ontario Conseil de recherches en sciences naturelles et [&hellip;]<\/p>\n","protected":false},"author":1,"featured_media":0,"parent":3051,"menu_order":0,"comment_status":"closed","ping_status":"closed","template":"","meta":{"_acf_changed":false,"footnotes":""},"class_list":["post-3085","page","type-page","status-publish","hentry"],"acf":[],"_links":{"self":[{"href":"https:\/\/u15.ca\/fr\/wp-json\/wp\/v2\/pages\/3085","targetHints":{"allow":["GET"]}}],"collection":[{"href":"https:\/\/u15.ca\/fr\/wp-json\/wp\/v2\/pages"}],"about":[{"href":"https:\/\/u15.ca\/fr\/wp-json\/wp\/v2\/types\/page"}],"author":[{"embeddable":true,"href":"https:\/\/u15.ca\/fr\/wp-json\/wp\/v2\/users\/1"}],"replies":[{"embeddable":true,"href":"https:\/\/u15.ca\/fr\/wp-json\/wp\/v2\/comments?post=3085"}],"version-history":[{"count":5,"href":"https:\/\/u15.ca\/fr\/wp-json\/wp\/v2\/pages\/3085\/revisions"}],"predecessor-version":[{"id":5708,"href":"https:\/\/u15.ca\/fr\/wp-json\/wp\/v2\/pages\/3085\/revisions\/5708"}],"up":[{"embeddable":true,"href":"https:\/\/u15.ca\/fr\/wp-json\/wp\/v2\/pages\/3051"}],"wp:attachment":[{"href":"https:\/\/u15.ca\/fr\/wp-json\/wp\/v2\/media?parent=3085"}],"curies":[{"name":"wp","href":"https:\/\/api.w.org\/{rel}","templated":true}]}}