{"id":3087,"date":"2022-07-27T14:08:40","date_gmt":"2022-07-27T18:08:40","guid":{"rendered":"https:\/\/u15.ca\/soumissions\/"},"modified":"2025-09-25T15:22:22","modified_gmt":"2025-09-25T19:22:22","slug":"soumissions","status":"publish","type":"page","link":"https:\/\/u15.ca\/fr\/publications\/soumissions\/","title":{"rendered":"Soumissions"},"content":{"rendered":"\t\t<div data-elementor-type=\"wp-page\" data-elementor-id=\"3087\" class=\"elementor elementor-3087 elementor-207\" data-elementor-post-type=\"page\">\n\t\t\t\t<div data-particle_enable=\"false\" data-particle-mobile-disabled=\"false\" class=\"elementor-element elementor-element-33ec62a e-flex e-con-boxed e-con e-parent\" data-id=\"33ec62a\" data-element_type=\"container\" data-e-type=\"container\" data-settings=\"{&quot;jet_parallax_layout_list&quot;:[]}\">\n\t\t\t\t\t<div class=\"e-con-inner\">\n\t\t\t\t<div class=\"elementor-element elementor-element-a0ff557 elementor-widget elementor-widget-shortcode\" data-id=\"a0ff557\" data-element_type=\"widget\" data-e-type=\"widget\" data-widget_type=\"shortcode.default\">\n\t\t\t\t<div class=\"elementor-widget-container\">\n\t\t\t\t\t\t\t<div class=\"elementor-shortcode\"><ul class=\"dlm-downloads\"><li><a  data-e-Disable-Page-Transition=\"true\" class=\"download-link\" title=\"Veuillez d\u00e9finir une version dans votre administration WordPress.\" href=\"#\" rel=\"nofollow\" id=\"download-link-6209\" data-redirect=\"true\" target=\"_blank\" >\n\t\"Submission to the Standing Committee on Science and Research - Study on Innovation and Scientific Research Concerning Artificial Intelligence - Dec 2025\t\"\n\t<strong>n\u2019a pas de version d\u00e9finie\u00a0!<\/strong>\n<\/a>\n<\/li><li><a class=\"download-link\" title=\"\" href=\"https:\/\/u15.ca\/fr\/download\/6185\/?tmstv=1778746776\" target=\"_blank\" rel=\"nofollow\">\r\n\tM\u00e9moire au Comit\u00e9 permanent de l\u2019industrie et de la technologie - Strat\u00e9gie industrielle de d\u00e9fence - octobre 2025<\/a><\/li><li><a class=\"download-link\" title=\"\" href=\"https:\/\/u15.ca\/fr\/download\/6129\/?tmstv=1778746776\" target=\"_blank\" rel=\"nofollow\">\r\n\tAllocution d'ouverture devant le comit\u00e9 permanent de la science et de la recherche - le 27 octobre 2025<\/a><\/li><li><a class=\"download-link\" title=\"\" href=\"https:\/\/u15.ca\/fr\/download\/6107\/?tmstv=1778746776\" target=\"_blank\" rel=\"nofollow\">\r\n\tAllocution d'ouverture devant le comit\u00e9 permanent de l'industrie et de la technologie - le 8 octobre 2025<\/a><\/li><li><a class=\"download-link\" title=\"\" href=\"https:\/\/u15.ca\/fr\/download\/6044\/?tmstv=1778746776\" target=\"_blank\" rel=\"nofollow\">\r\n\tAllocution d\u2019ouverture devant le comit\u00e9 permanent de la citoyennet\u00e9 et de l\u2019immigration  - le 25 septembre 2025<\/a><\/li><li><a class=\"download-link\" title=\"\" href=\"https:\/\/u15.ca\/fr\/download\/5900\/?tmstv=1778746776\" target=\"_blank\" rel=\"nofollow\">\r\n\tLettre ouverte \u00e0 la Commission europ\u00e9enne<\/a><\/li><li><a class=\"download-link\" title=\"\" href=\"https:\/\/u15.ca\/fr\/download\/6187\/?tmstv=1778746776\" target=\"_blank\" rel=\"nofollow\">\r\n\tM\u00e9moire pr\u00e9sent\u00e9 au Comit\u00e9 permanent de la citoyennet\u00e9 et de l'immigration - \u00c9tudes sur les r\u00e9formes r\u00e9centes au Programme des \u00e9tudiants \u00e9trangers - le 6 d\u00e9cembre 2024<\/a><\/li><li><a class=\"download-link\" title=\"\" href=\"https:\/\/u15.ca\/fr\/download\/6191\/?tmstv=1778746776\" target=\"_blank\" rel=\"nofollow\">\r\n\tM\u00e9moire pr\u00e9budg\u00e9taire 2025 de U15 Canada<\/a><\/li><li><a class=\"download-link\" title=\"\" href=\"https:\/\/u15.ca\/fr\/download\/4885\/?tmstv=1778746776\" target=\"_blank\" rel=\"nofollow\">\r\n\tM\u00e9moire pr\u00e9sent\u00e9 au Comit\u00e9 permanent de la science et de la recherche (le 4 avril 2024)<\/a><\/li><li><a class=\"download-link\" title=\"\" href=\"https:\/\/u15.ca\/fr\/download\/6205\/?tmstv=1778746776\" target=\"_blank\" rel=\"nofollow\">\r\n\tU15 Canada : Proposition pour le budget 2024<\/a><\/li><li><a class=\"download-link\" title=\"\" href=\"https:\/\/u15.ca\/fr\/download\/3838\/?tmstv=1778746776\" target=\"_blank\" rel=\"nofollow\">\r\n\tM\u00e9moire pr\u00e9budg\u00e9taire 2023 du U15<\/a><\/li><li><a class=\"download-link\" title=\"\" href=\"https:\/\/u15.ca\/fr\/download\/3160\/?tmstv=1778746776\" target=\"_blank\" rel=\"nofollow\">\r\n\tM\u00e9moire pr\u00e9budg\u00e9taire 2022 du U15<\/a><\/li><li><a class=\"download-link\" title=\"\" href=\"https:\/\/u15.ca\/fr\/download\/3164\/?tmstv=1778746776\" target=\"_blank\" rel=\"nofollow\">\r\n\tM\u00e9moire pr\u00e9budg\u00e9taire 2021 du U15<\/a><\/li><li><a class=\"download-link\" title=\"\" href=\"https:\/\/u15.ca\/fr\/download\/3168\/?tmstv=1778746776\" target=\"_blank\" rel=\"nofollow\">\r\n\tM\u00e9moire pr\u00e9budg\u00e9taire 2020 du U15<\/a><\/li><li><a class=\"download-link\" title=\"\" href=\"https:\/\/u15.ca\/fr\/download\/3172\/?tmstv=1778746776\" target=\"_blank\" rel=\"nofollow\">\r\n\tM\u00e9moire pr\u00e9budg\u00e9taire 2019 du U15<\/a><\/li><li><a class=\"download-link\" title=\"Version budgetaire_2018_du_u15_0\" href=\"https:\/\/u15.ca\/fr\/download\/3176\/?tmstv=1778746776\" target=\"_blank\" rel=\"nofollow\">\r\n\tM\u00e9moire pr\u00e9budg\u00e9taire 2018 du U15<\/a><\/li><li><a class=\"download-link\" title=\"\" href=\"https:\/\/u15.ca\/fr\/download\/3180\/?tmstv=1778746776\" target=\"_blank\" rel=\"nofollow\">\r\n\tU15 Budget Proposal: Building a Strong Foundation for the Innovation Agenda (disponible en anglais seulement)<\/a><\/li><li><a class=\"download-link\" title=\"\" href=\"https:\/\/u15.ca\/fr\/download\/3182\/?tmstv=1778746776\" target=\"_blank\" rel=\"nofollow\">\r\n\tM\u00e9moire pr\u00e9budg\u00e9taire 2017 du U15<\/a><\/li><li><a class=\"download-link\" title=\"Version budgetaire_2016_du_u15\" href=\"https:\/\/u15.ca\/fr\/download\/3186\/?tmstv=1778746776\" target=\"_blank\" rel=\"nofollow\">\r\n\tM\u00e9moire pr\u00e9budg\u00e9taire 2016 du U15<\/a><\/li><li><a class=\"download-link\" title=\"\" href=\"https:\/\/u15.ca\/fr\/download\/3190\/?tmstv=1778746776\" target=\"_blank\" rel=\"nofollow\">\r\n\tU15 Fundamental Science Review Submission - Institutions and Administrators (disponible en anglais seulement)<\/a><\/li><li><a class=\"download-link\" title=\"\" href=\"https:\/\/u15.ca\/fr\/download\/3192\/?tmstv=1778746776\" target=\"_blank\" rel=\"nofollow\">\r\n\tU15 Fundamental Science Review Submission (disponible en anglais seulement)<\/a><\/li><li><a class=\"download-link\" title=\"\" href=\"https:\/\/u15.ca\/fr\/download\/3194\/?tmstv=1778746776\" target=\"_blank\" rel=\"nofollow\">\r\n\tU15 Submission to Expert Review Panel on Research and Development (disponible en anglais seulement)<\/a><\/li><\/ul>\n\t\t\t\t<\/div>\n\t\t\t\t\t\t<\/div>\n\t\t\t\t<\/div>\n\t\t\t\t\t<\/div>\n\t\t\t\t<\/div>\n\t\t\t\t<\/div>\n\t\t","protected":false},"excerpt":{"rendered":"","protected":false},"author":1,"featured_media":0,"parent":3137,"menu_order":0,"comment_status":"closed","ping_status":"closed","template":"","meta":{"_acf_changed":false,"footnotes":""},"class_list":["post-3087","page","type-page","status-publish","hentry"],"acf":[],"_links":{"self":[{"href":"https:\/\/u15.ca\/fr\/wp-json\/wp\/v2\/pages\/3087","targetHints":{"allow":["GET"]}}],"collection":[{"href":"https:\/\/u15.ca\/fr\/wp-json\/wp\/v2\/pages"}],"about":[{"href":"https:\/\/u15.ca\/fr\/wp-json\/wp\/v2\/types\/page"}],"author":[{"embeddable":true,"href":"https:\/\/u15.ca\/fr\/wp-json\/wp\/v2\/users\/1"}],"replies":[{"embeddable":true,"href":"https:\/\/u15.ca\/fr\/wp-json\/wp\/v2\/comments?post=3087"}],"version-history":[{"count":4,"href":"https:\/\/u15.ca\/fr\/wp-json\/wp\/v2\/pages\/3087\/revisions"}],"predecessor-version":[{"id":6115,"href":"https:\/\/u15.ca\/fr\/wp-json\/wp\/v2\/pages\/3087\/revisions\/6115"}],"up":[{"embeddable":true,"href":"https:\/\/u15.ca\/fr\/wp-json\/wp\/v2\/pages\/3137"}],"wp:attachment":[{"href":"https:\/\/u15.ca\/fr\/wp-json\/wp\/v2\/media?parent=3087"}],"curies":[{"name":"wp","href":"https:\/\/api.w.org\/{rel}","templated":true}]}}