{"id":3099,"date":"2022-07-27T11:19:10","date_gmt":"2022-07-27T15:19:10","guid":{"rendered":"https:\/\/u15.ca\/politique-de-confidentialite\/"},"modified":"2022-10-20T16:35:50","modified_gmt":"2022-10-20T20:35:50","slug":"politique-de-confidentialite","status":"publish","type":"page","link":"https:\/\/u15.ca\/fr\/politique-de-confidentialite\/","title":{"rendered":"Politique de confidentialit\u00e9"},"content":{"rendered":"\t\t<div data-elementor-type=\"wp-page\" data-elementor-id=\"3099\" class=\"elementor elementor-3099 elementor-89\" data-elementor-post-type=\"page\">\n\t\t\t\t<div data-particle_enable=\"false\" data-particle-mobile-disabled=\"false\" class=\"elementor-element elementor-element-939153f e-flex e-con-boxed e-con e-parent\" data-id=\"939153f\" data-element_type=\"container\" data-e-type=\"container\" data-settings=\"{&quot;jet_parallax_layout_list&quot;:[]}\">\n\t\t\t\t\t<div class=\"e-con-inner\">\n\t\t\t\t<div class=\"elementor-element elementor-element-65c2940 elementor-widget elementor-widget-text-editor\" data-id=\"65c2940\" data-element_type=\"widget\" data-e-type=\"widget\" data-widget_type=\"text-editor.default\">\n\t\t\t\t<div class=\"elementor-widget-container\">\n\t\t\t\t\t\t\t\t\t<p>Le U15 s\u2019engage \u00e0 respecter et \u00e0 prot\u00e9ger vos renseignements personnels en adoptant des pratiques responsables de gestion de l\u2019information, conform\u00e9ment aux lois provinciales applicables et \u00e0 la\u00a0<a href=\"http:\/\/www.priv.gc.ca\/index_f.cfm\" target=\"_blank\" rel=\"noopener\"><em>Loi sur la protection des renseignements personnels et les documents \u00e9lectroniques<\/em><\/a>\u00a0du gouvernement f\u00e9d\u00e9ral.<\/p>\n<p>La politique de confidentialit\u00e9 du site Web de U15s\u2019applique uniquement \u00e0 celui-ci.<\/p>\n<h2>Aspects Internet<\/h2>\n<p>De l\u2019information personnelle peut \u00eatre recueillie lorsqu\u2019un utilisateur navigue sur le site Web du U15.<\/p>\n<h2>Les t\u00e9moins (cookies)<\/h2>\n<p>Le site Web du U15 reconnait automatiquement le nom de votre domaine, l\u2019adresse IP, la version du navigateur, le syst\u00e8me d\u2019exploitation et d\u2019autres donn\u00e9es pertinentes concernant votre ordinateur, ainsi que le site par lequel vous vous \u00eates rendu jusqu\u2019\u00e0 nous. Le U15 utilise une fonction du navigateur appel\u00e9e t\u00e9moin (cookie) pour recueillir de l\u2019information de mani\u00e8re anonyme et suivre les habitudes des utilisateurs sur son site Web. Le t\u00e9moin est un petit fichier texte que le site Web installe sur votre disque dur et qui y demeure jusqu\u2019\u00e0 ce que vous le supprimiez.<\/p>\n<p>Les t\u00e9moins contiennent un num\u00e9ro d\u2019identification unique qui signale la pr\u00e9sence de votre navigateur \u00e0 notre syst\u00e8me informatique chaque fois que vous visitez un de nos sites, mais sans vous identifier personnellement. Les t\u00e9moins nous signalent quelles sont les pages visit\u00e9es et par combien de personnes. Ils nous permettent aussi de sauvegarder vos r\u00e9glages et vos pr\u00e9f\u00e9rences, afin que vous puissiez personnaliser vos prochaines visites. L\u2019information recueillie par le biais de t\u00e9moins n\u2019est li\u00e9e \u00e0 aucun renseignement personnel identifiable.<\/p>\n<p>L\u2019utilisation de t\u00e9moins est une norme de l\u2019industrie et de nombreux navigateurs sont configur\u00e9s pour les accepter. Vous pouvez reconfigurer votre navigateur pour ne plus recevoir les t\u00e9moins, ou pour \u00eatre avis\u00e9 lorsque vous en recevez un. Sachez toutefois que si vous refusez de recevoir les t\u00e9moins, vous pourriez ne pas avoir acc\u00e8s \u00e0 certaines caract\u00e9ristiques de nos sites Web.<\/p>\n<h2>Collecte occasionnelle des renseignements et justification<\/h2>\n<p>Le U15 ne collecte pas de renseignements personnels sur son site Web sans votre consentement, et fait tout ce qu\u2019elle peut pour que vous sachiez \u00e0 quelles fins ils seront utilis\u00e9s.<\/p>\n<p>Seuls les renseignements que vous fournissez volontairement sont recueillis.<\/p>\n<h2>Communication de renseignements personnels \u00e0 des tiers<\/h2>\n<p>Aucun renseignement personnel n\u2019est communiqu\u00e9 \u00e0 des tiers, sauf dans les cas \u00e9nonc\u00e9s dans la pr\u00e9sente politique.<\/p>\n\t\t\t\t\t\t\t\t<\/div>\n\t\t\t\t<\/div>\n\t\t\t\t\t<\/div>\n\t\t\t\t<\/div>\n\t\t\t\t<\/div>\n\t\t","protected":false},"excerpt":{"rendered":"<p>Le U15 s\u2019engage \u00e0 respecter et \u00e0 prot\u00e9ger vos renseignements personnels en adoptant des pratiques responsables de gestion de l\u2019information, conform\u00e9ment aux lois provinciales applicables et \u00e0 la\u00a0Loi sur la protection des renseignements personnels et les documents \u00e9lectroniques\u00a0du gouvernement f\u00e9d\u00e9ral. La politique de confidentialit\u00e9 du site Web de U15s\u2019applique uniquement \u00e0 celui-ci. Aspects Internet De [&hellip;]<\/p>\n","protected":false},"author":1,"featured_media":0,"parent":0,"menu_order":0,"comment_status":"closed","ping_status":"closed","template":"","meta":{"_acf_changed":false,"footnotes":""},"class_list":["post-3099","page","type-page","status-publish","hentry"],"acf":[],"_links":{"self":[{"href":"https:\/\/u15.ca\/fr\/wp-json\/wp\/v2\/pages\/3099","targetHints":{"allow":["GET"]}}],"collection":[{"href":"https:\/\/u15.ca\/fr\/wp-json\/wp\/v2\/pages"}],"about":[{"href":"https:\/\/u15.ca\/fr\/wp-json\/wp\/v2\/types\/page"}],"author":[{"embeddable":true,"href":"https:\/\/u15.ca\/fr\/wp-json\/wp\/v2\/users\/1"}],"replies":[{"embeddable":true,"href":"https:\/\/u15.ca\/fr\/wp-json\/wp\/v2\/comments?post=3099"}],"version-history":[{"count":1,"href":"https:\/\/u15.ca\/fr\/wp-json\/wp\/v2\/pages\/3099\/revisions"}],"predecessor-version":[{"id":3100,"href":"https:\/\/u15.ca\/fr\/wp-json\/wp\/v2\/pages\/3099\/revisions\/3100"}],"wp:attachment":[{"href":"https:\/\/u15.ca\/fr\/wp-json\/wp\/v2\/media?parent=3099"}],"curies":[{"name":"wp","href":"https:\/\/api.w.org\/{rel}","templated":true}]}}