{"id":3103,"date":"2022-07-27T14:08:25","date_gmt":"2022-07-27T18:08:25","guid":{"rendered":"https:\/\/u15.ca\/documents-u15\/"},"modified":"2025-05-27T09:51:02","modified_gmt":"2025-05-27T13:51:02","slug":"documents-u15","status":"publish","type":"page","link":"https:\/\/u15.ca\/fr\/publications\/documents-u15\/","title":{"rendered":"Documents de politique g\u00e9n\u00e9rale"},"content":{"rendered":"\t\t<div data-elementor-type=\"wp-page\" data-elementor-id=\"3103\" class=\"elementor elementor-3103 elementor-205\" data-elementor-post-type=\"page\">\n\t\t\t\t<div data-particle_enable=\"false\" data-particle-mobile-disabled=\"false\" class=\"elementor-element elementor-element-e887ca7 e-flex e-con-boxed e-con e-parent\" data-id=\"e887ca7\" data-element_type=\"container\" data-e-type=\"container\" data-settings=\"{&quot;jet_parallax_layout_list&quot;:[]}\">\n\t\t\t\t\t<div class=\"e-con-inner\">\n\t\t\t\t<div class=\"elementor-element elementor-element-a434095 elementor-widget elementor-widget-shortcode\" data-id=\"a434095\" data-element_type=\"widget\" data-e-type=\"widget\" data-widget_type=\"shortcode.default\">\n\t\t\t\t<div class=\"elementor-widget-container\">\n\t\t\t\t\t\t\t<div class=\"elementor-shortcode\"><ul class=\"dlm-downloads\"><li><a class=\"download-link\" title=\"\" href=\"https:\/\/u15.ca\/fr\/download\/6064\/?tmstv=1776942898\" target=\"_blank\" rel=\"nofollow\">\r\n\tLe Canada en transition - Les talents, la recherche et l'innovation dans un monde en proie au changement (octobre 2025)<\/a><\/li><li><a class=\"download-link\" title=\"\" href=\"https:\/\/u15.ca\/fr\/download\/6010\/?tmstv=1776942898\" target=\"_blank\" rel=\"nofollow\">\r\n\tCoalition pour la recherche au Canada \u2013 Lettre ouverte au premier ministre - septembre 2025<\/a><\/li><li><a class=\"download-link\" title=\"\" href=\"https:\/\/u15.ca\/fr\/download\/5830\/?tmstv=1776942898\" target=\"_blank\" rel=\"nofollow\">\r\n\tDe la d\u00e9couverte \u00e0 la prosp\u00e9rit\u00e9 - Carte routi\u00e8re de la r\u00e9ussite faite maison (juin 2025)<\/a><\/li><li><a class=\"download-link\" title=\"\" href=\"https:\/\/u15.ca\/fr\/download\/6014\/?tmstv=1776942898\" target=\"_blank\" rel=\"nofollow\">\r\n\tFrom Discovery to Prosperity: A Roadmap for Homegrown Success - June 2025<\/a><\/li><li><a class=\"download-link\" title=\"\" href=\"https:\/\/u15.ca\/fr\/download\/5669\/?tmstv=1776942898\" target=\"_blank\" rel=\"nofollow\">\r\n\tDynamiser l'innovation - Les grandes universit\u00e9s de recherche du Canada et la voie vers notre prosp\u00e9rit\u00e9 locale (f\u00e9vrier 2025)<\/a><\/li><li><a class=\"download-link\" title=\"\" href=\"https:\/\/u15.ca\/fr\/download\/5357\/?tmstv=1776942898\" target=\"_blank\" rel=\"nofollow\">\r\n\tD\u00e9veloppement des talents - Les grandes universit\u00e9s de recherche du Canada et comment combler le d\u00e9ficit de talents (novembre 2024)<\/a><\/li><li><a class=\"download-link\" title=\"\" href=\"https:\/\/u15.ca\/fr\/download\/5103\/?tmstv=1776942898\" target=\"_blank\" rel=\"nofollow\">\r\n\tL'intelligence artificielle au service de l'enseignement et de l'apprentissage : Valeurs, principes et pratiques exemplaires - septembre 2024<\/a><\/li><li><a class=\"download-link\" title=\"\" href=\"https:\/\/u15.ca\/fr\/download\/6016\/?tmstv=1776942898\" target=\"_blank\" rel=\"nofollow\">\r\n\tNavigating AI in Teaching and Learning: Values, Principles and Leading Practices - Sept 2024<\/a><\/li><li><a class=\"download-link\" title=\"\" href=\"https:\/\/u15.ca\/fr\/download\/4613\/?tmstv=1776942898\" target=\"_blank\" rel=\"nofollow\">\r\n\tCoalition pour la recherche au Canada \u2013 Lettre ouverte au premier ministre - octobre 2023<\/a><\/li><li><a class=\"download-link\" title=\"\" href=\"https:\/\/u15.ca\/fr\/download\/4328\/?tmstv=1776942898\" target=\"_blank\" rel=\"nofollow\">\r\n\tProt\u00e9g\u00e9 la recherche au Canada - Guide des politiques et des pratiques universitaires<\/a><\/li><li><a class=\"download-link\" title=\"\" href=\"https:\/\/u15.ca\/fr\/download\/6020\/?tmstv=1776942898\" target=\"_blank\" rel=\"nofollow\">\r\n\tSafeguarding Research in Canada: A Guide for University Policies and Practices<\/a><\/li><li><a class=\"download-link\" title=\"\" href=\"https:\/\/u15.ca\/fr\/download\/3105\/?tmstv=1776942898\" target=\"_blank\" rel=\"nofollow\">\r\n\tLes \u00e9tablissement du U15 face \u00e0 la Covid-19<\/a><\/li><li><a class=\"download-link\" title=\"Version _fr_web\" href=\"https:\/\/u15.ca\/fr\/download\/3109\/?tmstv=1776942898\" target=\"_blank\" rel=\"nofollow\">\r\n\tProfi ls des universit\u00e9s 2020<\/a><\/li><li><a class=\"download-link\" title=\"\" href=\"https:\/\/u15.ca\/fr\/download\/3113\/?tmstv=1776942898\" target=\"_blank\" rel=\"nofollow\">\r\n\tU15 Universities addressing Climate Change (disponible en anglais seulement)<\/a><\/li><li><a class=\"download-link\" title=\"\" href=\"https:\/\/u15.ca\/fr\/download\/3115\/?tmstv=1776942898\" target=\"_blank\" rel=\"nofollow\">\r\n\tProfils des universit\u00e9s - 2016<\/a><\/li><li><a class=\"download-link\" title=\"\" href=\"https:\/\/u15.ca\/fr\/download\/3119\/?tmstv=1776942898\" target=\"_blank\" rel=\"nofollow\">\r\n\tInnovation Clusters Fueled by Research Universities: Examples from the U15 (Available in English only.)<\/a><\/li><li><a class=\"download-link\" title=\"\" href=\"https:\/\/u15.ca\/fr\/download\/3121\/?tmstv=1776942898\" target=\"_blank\" rel=\"nofollow\">\r\n\tCanada 2030 : faire du Canada le pays le plus innovant au monde d'ici 2030<\/a><\/li><li><a class=\"download-link\" title=\"\" href=\"https:\/\/u15.ca\/fr\/download\/3125\/?tmstv=1776942898\" target=\"_blank\" rel=\"nofollow\">\r\n\tProfils des universit\u00e9s - 2014<\/a><\/li><li><a class=\"download-link\" title=\"Version _canada_s_innovation_agenda\" href=\"https:\/\/u15.ca\/fr\/download\/3129\/?tmstv=1776942898\" target=\"_blank\" rel=\"nofollow\">\r\n\tU15 White Paper - Talent, ideas and dynamic regions: Building Blocks for Canada's Innovation Agenda (disponible en anglais seulement)<\/a><\/li><li><a class=\"download-link\" title=\"Version _le_15_novembre_2013\" href=\"https:\/\/u15.ca\/fr\/download\/3133\/?tmstv=1776942898\" target=\"_blank\" rel=\"nofollow\">\r\n\tLe Fonds d\u2019excellence en recherche Avantage Canada (FERAC)<\/a><\/li><\/ul>\n\t\t\t\t<\/div>\n\t\t\t\t\t\t<\/div>\n\t\t\t\t<\/div>\n\t\t\t\t\t<\/div>\n\t\t\t\t<\/div>\n\t\t\t\t<\/div>\n\t\t","protected":false},"excerpt":{"rendered":"","protected":false},"author":1,"featured_media":0,"parent":3137,"menu_order":0,"comment_status":"closed","ping_status":"closed","template":"","meta":{"_acf_changed":false,"footnotes":""},"class_list":["post-3103","page","type-page","status-publish","hentry"],"acf":[],"_links":{"self":[{"href":"https:\/\/u15.ca\/fr\/wp-json\/wp\/v2\/pages\/3103","targetHints":{"allow":["GET"]}}],"collection":[{"href":"https:\/\/u15.ca\/fr\/wp-json\/wp\/v2\/pages"}],"about":[{"href":"https:\/\/u15.ca\/fr\/wp-json\/wp\/v2\/types\/page"}],"author":[{"embeddable":true,"href":"https:\/\/u15.ca\/fr\/wp-json\/wp\/v2\/users\/1"}],"replies":[{"embeddable":true,"href":"https:\/\/u15.ca\/fr\/wp-json\/wp\/v2\/comments?post=3103"}],"version-history":[{"count":5,"href":"https:\/\/u15.ca\/fr\/wp-json\/wp\/v2\/pages\/3103\/revisions"}],"predecessor-version":[{"id":5828,"href":"https:\/\/u15.ca\/fr\/wp-json\/wp\/v2\/pages\/3103\/revisions\/5828"}],"up":[{"embeddable":true,"href":"https:\/\/u15.ca\/fr\/wp-json\/wp\/v2\/pages\/3137"}],"wp:attachment":[{"href":"https:\/\/u15.ca\/fr\/wp-json\/wp\/v2\/media?parent=3103"}],"curies":[{"name":"wp","href":"https:\/\/api.w.org\/{rel}","templated":true}]}}